{"id":33,"date":"2026-01-19T17:40:38","date_gmt":"2026-01-19T17:40:38","guid":{"rendered":"http:\/\/www.guebwiller2026.fr\/?page_id=33"},"modified":"2026-02-23T16:31:51","modified_gmt":"2026-02-23T16:31:51","slug":"agir-avec-nous","status":"publish","type":"page","link":"https:\/\/www.guebwiller2026.fr\/index.php\/agir-avec-nous\/","title":{"rendered":"Agir avec nous"},"content":{"rendered":"\n<p>Pour que chacune et chacun puisse peser dans l\u2019avenir de Guebwiller, cette page rassemble des <strong>conseils pratiques<\/strong> pour faire entendre votre voix. Vous y trouverez tout ce qu\u2019il faut savoir pour voter, conna\u00eetre les dates importantes et participer concr\u00e8tement \u00e0 la campagne, selon vos envies et vos disponibilit\u00e9s.<\/p>\n\n\n\n<hr class=\"wp-block-separator has-alpha-channel-opacity\"\/>\n\n\n\n<h2 class=\"wp-block-heading has-text-color has-link-color has-xx-large-font-size wp-elements-f308a7d635b49a070832fb110060500f\" id=\"comment-voter\" style=\"color:#f76f39\"><strong>Comment voter<\/strong><\/h2>\n\n\n\n<p>Voter, c\u2019est simple, \u00e0 condition d\u2019\u00eatre <strong>inscrit<\/strong> sur les listes \u00e9lectorales de Guebwiller au plus tard le 6 f\u00e9vrier 2026.<br>Le jour du vote, il suffit de vous pr\u00e9senter dans votre bureau de vote avec une pi\u00e8ce d\u2019identit\u00e9 officielle (carte d\u2019identit\u00e9, passeport\u2026) et, si possible, votre carte \u00e9lectorale (facultative mais pratique).<\/p>\n\n\n\n<p class=\"has-text-color has-link-color has-medium-font-size wp-elements-22ce5aaa8cad6aa5f2ddb827e9d1011f\" style=\"color:#2f37c9\"><strong><a href=\"https:\/\/www.service-public.gouv.fr\/particuliers\/vosdroits\/R16396\">Demande d&#8217;inscription en ligne sur les listes \u00e9lectorales<\/a><\/strong><\/p>\n\n\n\n<figure class=\"wp-block-image size-full\"><img loading=\"lazy\" decoding=\"async\" width=\"666\" height=\"337\" src=\"http:\/\/www.guebwiller2026.fr\/wp-content\/uploads\/2026\/01\/image-13.png\" alt=\"\" class=\"wp-image-69\" srcset=\"https:\/\/www.guebwiller2026.fr\/wp-content\/uploads\/2026\/01\/image-13.png 666w, https:\/\/www.guebwiller2026.fr\/wp-content\/uploads\/2026\/01\/image-13-300x152.png 300w\" sizes=\"auto, (max-width: 666px) 100vw, 666px\" \/><\/figure>\n\n\n\n<h2 class=\"wp-block-heading has-text-color has-link-color has-xx-large-font-size wp-elements-04a6654a261b6b309e77b6981e20a33c\" style=\"color:#f76f39\"><strong>Si vous ne pouvez pas vous d\u00e9placer<\/strong><\/h2>\n\n\n\n<ul class=\"wp-block-list\">\n<li>Vous pouvez voter par procuration en d\u00e9signant une personne inscrite sur une liste \u00e9lectorale en France, qui votera \u00e0 votre place.\u200b<\/li>\n\n\n\n<li>Pensez \u00e0 vous y prendre le plus t\u00f4t possible pour \u00eatre s\u00fbr que la procuration soit enregistr\u00e9e \u00e0 temps.<\/li>\n\n\n\n<li>La d\u00e9marche peut se faire en ligne via Maprocuration, puis validation d\u2019identit\u00e9 en gendarmerie, commissariat ou tribunal, ou directement sur place avec le formulaire officiel.<\/li>\n<\/ul>\n\n\n\n<p class=\"has-text-color has-link-color has-medium-font-size wp-elements-a09b7f635e1c14957b2d64a00321cd6e\" style=\"color:#2f37c9\"><strong><a href=\"https:\/\/www.maprocuration.gouv.fr\/\">Procuration en ligne<\/a><\/strong><\/p>\n\n\n\n<hr class=\"wp-block-separator has-alpha-channel-opacity\"\/>\n\n\n\n<h2 class=\"wp-block-heading has-text-color has-link-color has-xx-large-font-size wp-elements-b68071b40ccc4ecd206810fbb514b9ac\" id=\"calendrier-lectoral\" style=\"color:#f76f39\"><strong>Calendrier \u00e9lectoral<\/strong><\/h2>\n\n\n\n<p>Les \u00e9lections municipales auront lieu les dimanches <strong>15 et 22 mars 2026<\/strong> (1er et 2nd tour).<br>Pour pouvoir voter, l\u2019inscription sur les listes \u00e9lectorales est possible jusqu\u2019au <strong>vendredi 6 f\u00e9vrier 2026<\/strong>.<\/p>\n\n\n\n<p>Dates cl\u00e9s \u00e0 retenir :<\/p>\n\n\n\n<ul class=\"wp-block-list\">\n<li>Jusqu\u2019au 6 f\u00e9vrier 2026 : inscription ou mise \u00e0 jour sur les listes \u00e9lectorales (d\u00e9marches en ligne ou en mairie).<\/li>\n\n\n\n<li>Dimanche 15 mars 2026 : 1er tour des municipales.<\/li>\n\n\n\n<li>Dimanche 22 mars 2026 : \u00e9ventuel 2nd tour.\u200b<\/li>\n<\/ul>\n\n\n\n<p>Nous indiquerons sur cette site, sur la page <a href=\"http:\/\/www.guebwiller2026.fr\/index.php\/accueil\/\"><strong>d&#8217;accueil<\/strong><\/a> dans la rubrique &#8220;Agenda&#8221;, les dates de nos r\u00e9unions publiques, rencontres de quartier et caf\u00e9s-d\u00e9bats pour que chacun puisse venir \u00e9changer librement avec l\u2019\u00e9quipe.<\/p>\n\n\n\n<figure class=\"wp-block-image size-full\"><img loading=\"lazy\" decoding=\"async\" width=\"725\" height=\"225\" src=\"http:\/\/www.guebwiller2026.fr\/wp-content\/uploads\/2026\/01\/image-14.png\" alt=\"\" class=\"wp-image-70\" srcset=\"https:\/\/www.guebwiller2026.fr\/wp-content\/uploads\/2026\/01\/image-14.png 725w, https:\/\/www.guebwiller2026.fr\/wp-content\/uploads\/2026\/01\/image-14-300x93.png 300w\" sizes=\"auto, (max-width: 725px) 100vw, 725px\" \/><\/figure>\n\n\n\n<hr class=\"wp-block-separator has-alpha-channel-opacity\"\/>\n\n\n\n<h2 class=\"wp-block-heading has-text-color has-link-color has-xx-large-font-size wp-elements-324e8b905533dff68d5f5c633d15123e\" id=\"participer--la-campagne\" style=\"color:#f76f39\"><strong>Participer \u00e0 la campagne<\/strong><\/h2>\n\n\n\n<p>Cette campagne se construit avec les habitantes et habitants de Guebwiller. Chacun peut apporter quelque chose, selon ses envies et son temps disponible.<\/p>\n\n\n\n<p>Vous pouvez :<\/p>\n\n\n\n<ul class=\"wp-block-list\">\n<li>Venir nous rencontrer lors de nos r\u00e9unions publiques, nos rencontres d\u2019appartement, ou sur le march\u00e9 et dans les quartiers.<\/li>\n\n\n\n<li>Nous interroger sur nos propositions, faire remonter vos id\u00e9es, vos probl\u00e8mes du quotidien, vos priorit\u00e9s pour la ville.<\/li>\n\n\n\n<li>Diffuser nos informations : partager nos publications sur les r\u00e9seaux sociaux, parler du programme autour de vous, distribuer nos tracts ou aider \u00e0 tenir un stand.<\/li>\n<\/ul>\n\n\n\n<hr class=\"wp-block-separator has-alpha-channel-opacity\"\/>\n\n\n\n<h2 class=\"wp-block-heading has-text-color has-link-color has-xx-large-font-size wp-elements-4110fe9f2d8a2645a20bfefb24f74a8b\" id=\"dautres-faons-dagir\" style=\"color:#f76f39\"><strong>D\u2019autres fa\u00e7ons d\u2019agir<\/strong><\/h2>\n\n\n\n<p>Pour aller plus loin, vous pouvez aussi :<\/p>\n\n\n\n<ul class=\"wp-block-list\">\n<li>Proposer un lieu pour accueillir une r\u00e9union de voisinage ou un temps d\u2019\u00e9change dans votre cage d\u2019escalier, votre association, votre commerce.<\/li>\n\n\n\n<li>Devenir relais dans votre rue ou votre quartier pour garder le lien entre les habitants et la liste.<\/li>\n\n\n\n<li>Nous signaler les personnes qui auraient besoin d\u2019aide pour faire une procuration ou se rendre au bureau de vote (personnes \u00e2g\u00e9es, sans voiture, en situation de handicap).<\/li>\n<\/ul>\n\n\n\n<p class=\"has-text-color has-link-color has-large-font-size wp-elements-02f64cc989256abb3ad982eea73def09\" style=\"color:#2f37c9\"><a href=\"http:\/\/www.guebwiller2026.fr\/index.php\/nous-contacter\/\"><strong>Retrouvez-ici tous nos contacts<\/strong><\/a><\/p>\n","protected":false},"excerpt":{"rendered":"<p>Pour que chacune et chacun puisse peser dans l\u2019avenir de Guebwiller, cette page rassemble des conseils pratiques pour faire entendre votre voix. Vous y trouverez tout ce qu\u2019il faut savoir pour voter, conna\u00eetre les dates importantes et participer concr\u00e8tement \u00e0 la campagne, selon vos envies et vos disponibilit\u00e9s. Comment voter Voter, c\u2019est simple, \u00e0 condition [&hellip;]<\/p>\n","protected":false},"author":1,"featured_media":0,"parent":0,"menu_order":10,"comment_status":"closed","ping_status":"closed","template":"","meta":{"footnotes":""},"class_list":["post-33","page","type-page","status-publish","hentry"],"_links":{"self":[{"href":"https:\/\/www.guebwiller2026.fr\/index.php\/wp-json\/wp\/v2\/pages\/33","targetHints":{"allow":["GET"]}}],"collection":[{"href":"https:\/\/www.guebwiller2026.fr\/index.php\/wp-json\/wp\/v2\/pages"}],"about":[{"href":"https:\/\/www.guebwiller2026.fr\/index.php\/wp-json\/wp\/v2\/types\/page"}],"author":[{"embeddable":true,"href":"https:\/\/www.guebwiller2026.fr\/index.php\/wp-json\/wp\/v2\/users\/1"}],"replies":[{"embeddable":true,"href":"https:\/\/www.guebwiller2026.fr\/index.php\/wp-json\/wp\/v2\/comments?post=33"}],"version-history":[{"count":10,"href":"https:\/\/www.guebwiller2026.fr\/index.php\/wp-json\/wp\/v2\/pages\/33\/revisions"}],"predecessor-version":[{"id":84,"href":"https:\/\/www.guebwiller2026.fr\/index.php\/wp-json\/wp\/v2\/pages\/33\/revisions\/84"}],"wp:attachment":[{"href":"https:\/\/www.guebwiller2026.fr\/index.php\/wp-json\/wp\/v2\/media?parent=33"}],"curies":[{"name":"wp","href":"https:\/\/api.w.org\/{rel}","templated":true}]}}