{"id":222,"date":"2026-02-26T16:22:10","date_gmt":"2026-02-26T16:22:10","guid":{"rendered":"https:\/\/www.guebwiller2026.fr\/?page_id=222"},"modified":"2026-02-27T09:08:32","modified_gmt":"2026-02-27T09:08:32","slug":"lechec-friches-nsc","status":"publish","type":"page","link":"https:\/\/www.guebwiller2026.fr\/index.php\/lechec-friches-nsc\/","title":{"rendered":"L&#8217;\u00e9chec FRICHES NSC"},"content":{"rendered":"\n<p>UNE GESTION IRRESPONSABLE<br>&gt; Voil\u00e0 l\u2019un des dossiers \u00ab&nbsp;signature&nbsp;\u00bb du Maire sortant de Guebwiller.<\/p>\n\n\n\n<p><br><strong>Les diff\u00e9rents projets annonc\u00e9s depuis 2014 :<\/strong><br>Une r\u00e9habilitation, un Eco quartier, une d\u00e9molition exemplaire, une salle de spectacle, d\u00e9velopper des activit\u00e9s \u00e9conomiques, des logements, des \u00e9quipements publics \u2026 tout y est, ou presque.<\/p>\n\n\n\n<p><br><strong>UNE GABEGIE ET RIEN DE CONCRET<\/strong><br><strong>La r\u00e9alit\u00e9&nbsp;en 2026&nbsp;:<\/strong><br>&#8211; Une mauvaise ma\u00eetrise financi\u00e8re&nbsp;: + 42% de plus-value (pour le moment)<br>&#8211; Une mauvaise ma\u00eetrise technique&nbsp;: 4000 m2 partis en flammes<br>&#8211; Un chantier \u00e0 l\u2019arr\u00eat depuis plus de 18 mois et un tas de gravats pollu\u00e9s \u00e0 l\u2019amiante doit \u00eatre \u00e9vacu\u00e9.<br>&gt; La ville de Guebwiller va encore engager 2,5 millions \u20ac qui <strong>devraient <\/strong>\u00eatre rembours\u00e9s par les assurances et un am\u00e9nageur priv\u00e9 <strong>parait int\u00e9ress\u00e9<\/strong> pour racheter la friche (CM du 17\/11\/2025).<\/p>\n\n\n\n<p><br><strong>UNE ALERTE AVAIT ETE DONNEE<\/strong><br>Avant le d\u00e9but des travaux de d\u00e9samiantage et de d\u00e9construction, Perrine Wiesser avait relev\u00e9 des approximations dans la ma\u00eetrise technique du dossier. Elle a alert\u00e9 le maire et l\u2019adjoint en charge de ces travaux des cons\u00e9quences qui peuvent en d\u00e9couler. Ils ne l\u2019ont pas entendu.<br>On conna\u00eet la suite\u2026<\/p>\n\n\n\n<p><br>Rappelons que Perrine Wiesser est titulaire d\u2019un doctorat en droit priv\u00e9 avec une sp\u00e9cialisation en droit de l\u2019environnement.<br>Elle a soutenu une th\u00e8se sur \u00ab&nbsp;<em>la gestion des risques environnementaux lors des op\u00e9rations de d\u00e9molition \/ d\u00e9construction<\/em>&nbsp;\u00bb qui a \u00e9t\u00e9 honor\u00e9e par un prix.<br>Elle est sans aucun doute l\u2019\u00e9lue la plus qualifi\u00e9e dans ce domaine.<br>Ses comp\u00e9tences et la pertinence de ses expertises sont largement reconnues par les plus importants groupes du BTP et les diff\u00e9rents organismes de certification fran\u00e7ais qui font r\u00e9guli\u00e8rement appel \u00e0 ses services.<br>En outre, elle enseigne \u00e9galement \u00e0 l\u2019Universit\u00e9 de Haute-Alsace le droit de l\u2019environnement et des risques.<br>Dommage qu\u2019elle n\u2019ait pas \u00e9t\u00e9 entendue.<\/p>\n\n\n\n<p><br><strong>UN PROJET QUI N\u2019A RIEN DE COH\u00c9RENT<\/strong><br>Aujourd\u2019hui, pour para\u00eetre cr\u00e9dible, le Maire\u2013candidat pr\u00e9cise qu\u2019il souhaite&nbsp;<strong>\u00ab&nbsp;<em>acc\u00e9l\u00e9rer la reconversion de notre patrimoine industriel<\/em>&nbsp;\u00bb.<\/strong><\/p>\n\n\n\n<p>&gt; <strong>Apr\u00e8s 12 ann\u00e9es d\u2019errance, c\u2019est int\u00e9ressant&nbsp;!<\/strong><\/p>\n\n\n\n<p><br>Il pr\u00e9sente m\u00eame le projet :<br>Un Ecoquartier de 150 logements situ\u00e9s entre des entreprises et une salle de spectacle \/ salle des f\u00eates.<br>C\u2019est-\u00e0-dire des nuisances la semaine, le soir, le week-end et les jours f\u00e9ri\u00e9s.<br><strong>Il est grand temps que, pour l\u2019avenir de Guebwiller, ce dossier change de mains et soit g\u00e9r\u00e9 de mani\u00e8re responsable par des personnes comp\u00e9tentes et qualifi\u00e9es<\/strong>.<\/p>\n\n\n\n<figure class=\"wp-block-image size-large\"><img loading=\"lazy\" decoding=\"async\" width=\"1024\" height=\"576\" src=\"https:\/\/www.guebwiller2026.fr\/wp-content\/uploads\/2026\/02\/unnamed-6-1024x576.jpg\" alt=\"\" class=\"wp-image-225\" srcset=\"https:\/\/www.guebwiller2026.fr\/wp-content\/uploads\/2026\/02\/unnamed-6-1024x576.jpg 1024w, https:\/\/www.guebwiller2026.fr\/wp-content\/uploads\/2026\/02\/unnamed-6-300x169.jpg 300w, https:\/\/www.guebwiller2026.fr\/wp-content\/uploads\/2026\/02\/unnamed-6-768x432.jpg 768w, https:\/\/www.guebwiller2026.fr\/wp-content\/uploads\/2026\/02\/unnamed-6-1536x864.jpg 1536w, https:\/\/www.guebwiller2026.fr\/wp-content\/uploads\/2026\/02\/unnamed-6.jpg 2016w\" sizes=\"auto, (max-width: 1024px) 100vw, 1024px\" \/><\/figure>\n\n\n\n<figure class=\"wp-block-image size-large\"><img loading=\"lazy\" decoding=\"async\" width=\"1024\" height=\"576\" src=\"https:\/\/www.guebwiller2026.fr\/wp-content\/uploads\/2026\/02\/unnamed-7-1024x576.jpg\" alt=\"\" class=\"wp-image-224\" srcset=\"https:\/\/www.guebwiller2026.fr\/wp-content\/uploads\/2026\/02\/unnamed-7-1024x576.jpg 1024w, https:\/\/www.guebwiller2026.fr\/wp-content\/uploads\/2026\/02\/unnamed-7-300x169.jpg 300w, https:\/\/www.guebwiller2026.fr\/wp-content\/uploads\/2026\/02\/unnamed-7-768x432.jpg 768w, https:\/\/www.guebwiller2026.fr\/wp-content\/uploads\/2026\/02\/unnamed-7-1536x864.jpg 1536w, https:\/\/www.guebwiller2026.fr\/wp-content\/uploads\/2026\/02\/unnamed-7.jpg 2016w\" sizes=\"auto, (max-width: 1024px) 100vw, 1024px\" \/><\/figure>\n\n\n\n<figure class=\"wp-block-image size-large\"><img loading=\"lazy\" decoding=\"async\" width=\"1024\" height=\"576\" src=\"https:\/\/www.guebwiller2026.fr\/wp-content\/uploads\/2026\/02\/unnamed-5-1024x576.jpg\" alt=\"\" class=\"wp-image-227\" srcset=\"https:\/\/www.guebwiller2026.fr\/wp-content\/uploads\/2026\/02\/unnamed-5-1024x576.jpg 1024w, https:\/\/www.guebwiller2026.fr\/wp-content\/uploads\/2026\/02\/unnamed-5-300x169.jpg 300w, https:\/\/www.guebwiller2026.fr\/wp-content\/uploads\/2026\/02\/unnamed-5-768x432.jpg 768w, https:\/\/www.guebwiller2026.fr\/wp-content\/uploads\/2026\/02\/unnamed-5-1536x864.jpg 1536w, https:\/\/www.guebwiller2026.fr\/wp-content\/uploads\/2026\/02\/unnamed-5.jpg 2016w\" sizes=\"auto, (max-width: 1024px) 100vw, 1024px\" \/><\/figure>\n","protected":false},"excerpt":{"rendered":"<p>UNE GESTION IRRESPONSABLE&gt; Voil\u00e0 l\u2019un des dossiers \u00ab&nbsp;signature&nbsp;\u00bb du Maire sortant de Guebwiller. Les diff\u00e9rents projets annonc\u00e9s depuis 2014 :Une r\u00e9habilitation, un Eco quartier, une d\u00e9molition exemplaire, une salle de spectacle, d\u00e9velopper des activit\u00e9s \u00e9conomiques, des logements, des \u00e9quipements publics \u2026 tout y est, ou presque. UNE GABEGIE ET RIEN DE CONCRETLa r\u00e9alit\u00e9&nbsp;en 2026&nbsp;:&#8211; Une [&hellip;]<\/p>\n","protected":false},"author":1,"featured_media":0,"parent":0,"menu_order":12,"comment_status":"closed","ping_status":"closed","template":"","meta":{"footnotes":""},"class_list":["post-222","page","type-page","status-publish","hentry"],"_links":{"self":[{"href":"https:\/\/www.guebwiller2026.fr\/index.php\/wp-json\/wp\/v2\/pages\/222","targetHints":{"allow":["GET"]}}],"collection":[{"href":"https:\/\/www.guebwiller2026.fr\/index.php\/wp-json\/wp\/v2\/pages"}],"about":[{"href":"https:\/\/www.guebwiller2026.fr\/index.php\/wp-json\/wp\/v2\/types\/page"}],"author":[{"embeddable":true,"href":"https:\/\/www.guebwiller2026.fr\/index.php\/wp-json\/wp\/v2\/users\/1"}],"replies":[{"embeddable":true,"href":"https:\/\/www.guebwiller2026.fr\/index.php\/wp-json\/wp\/v2\/comments?post=222"}],"version-history":[{"count":3,"href":"https:\/\/www.guebwiller2026.fr\/index.php\/wp-json\/wp\/v2\/pages\/222\/revisions"}],"predecessor-version":[{"id":228,"href":"https:\/\/www.guebwiller2026.fr\/index.php\/wp-json\/wp\/v2\/pages\/222\/revisions\/228"}],"wp:attachment":[{"href":"https:\/\/www.guebwiller2026.fr\/index.php\/wp-json\/wp\/v2\/media?parent=222"}],"curies":[{"name":"wp","href":"https:\/\/api.w.org\/{rel}","templated":true}]}}