{"id":214,"date":"2026-02-23T21:46:00","date_gmt":"2026-02-23T21:46:00","guid":{"rendered":"https:\/\/www.guebwiller2026.fr\/?page_id=214"},"modified":"2026-02-26T16:24:03","modified_gmt":"2026-02-26T16:24:03","slug":"sous-la-loupe","status":"publish","type":"page","link":"https:\/\/www.guebwiller2026.fr\/index.php\/sous-la-loupe\/","title":{"rendered":"Sous la loupe"},"content":{"rendered":"\n<p>&#8220;Sous la loupe&#8221; est l\u2019espace o\u00f9 nous examinons le bilan du maire sortant et les zones d\u2019ombre de son action. Ici, nous analysons des d\u00e9cisions pass\u00e9es, relayons les questions et demandes des habitantes et des habitants, et mettons en lumi\u00e8re ce qui m\u00e9rite d\u00e9bat. Cette d\u00e9marche d\u2019examen critique vise \u00e0 mieux comprendre le pr\u00e9sent pour construire, ensemble, un avenir plus juste et plus ambitieux pour Guebwiller.<\/p>\n\n\n\n<ul class=\"wp-block-list\">\n<li><strong>Les indemnit\u00e9s des \u00e9lus de la municipalit\u00e9 sortante :<\/strong> <strong>hausse de 22% <\/strong><\/li>\n<\/ul>\n\n\n\n<figure class=\"wp-block-embed is-type-video is-provider-youtube wp-block-embed-youtube wp-embed-aspect-16-9 wp-has-aspect-ratio\"><div class=\"wp-block-embed__wrapper\">\n<iframe loading=\"lazy\" title=\"GUEBWILLER  2026 -  INDEMNITES DES ELUS - MAIRE SORTANT SOUS LA LOUPE\" width=\"500\" height=\"281\" src=\"https:\/\/www.youtube.com\/embed\/1qOpeGW0XCc?feature=oembed\" frameborder=\"0\" allow=\"accelerometer; autoplay; clipboard-write; encrypted-media; gyroscope; picture-in-picture; web-share\" referrerpolicy=\"strict-origin-when-cross-origin\" allowfullscreen><\/iframe>\n<\/div><\/figure>\n\n\n\n<p>Cet extrait du Conseil Municipal permet \u00e0 chaque citoyenne et chaque citoyen de prendre connaissance d\u2019\u00e9l\u00e9ments li\u00e9s au mandat du maire sortant.<\/p>\n","protected":false},"excerpt":{"rendered":"<p>&#8220;Sous la loupe&#8221; est l\u2019espace o\u00f9 nous examinons le bilan du maire sortant et les zones d\u2019ombre de son action. Ici, nous analysons des d\u00e9cisions pass\u00e9es, relayons les questions et demandes des habitantes et des habitants, et mettons en lumi\u00e8re ce qui m\u00e9rite d\u00e9bat. Cette d\u00e9marche d\u2019examen critique vise \u00e0 mieux comprendre le pr\u00e9sent pour [&hellip;]<\/p>\n","protected":false},"author":1,"featured_media":0,"parent":0,"menu_order":13,"comment_status":"closed","ping_status":"closed","template":"","meta":{"footnotes":""},"class_list":["post-214","page","type-page","status-publish","hentry"],"_links":{"self":[{"href":"https:\/\/www.guebwiller2026.fr\/index.php\/wp-json\/wp\/v2\/pages\/214","targetHints":{"allow":["GET"]}}],"collection":[{"href":"https:\/\/www.guebwiller2026.fr\/index.php\/wp-json\/wp\/v2\/pages"}],"about":[{"href":"https:\/\/www.guebwiller2026.fr\/index.php\/wp-json\/wp\/v2\/types\/page"}],"author":[{"embeddable":true,"href":"https:\/\/www.guebwiller2026.fr\/index.php\/wp-json\/wp\/v2\/users\/1"}],"replies":[{"embeddable":true,"href":"https:\/\/www.guebwiller2026.fr\/index.php\/wp-json\/wp\/v2\/comments?post=214"}],"version-history":[{"count":2,"href":"https:\/\/www.guebwiller2026.fr\/index.php\/wp-json\/wp\/v2\/pages\/214\/revisions"}],"predecessor-version":[{"id":218,"href":"https:\/\/www.guebwiller2026.fr\/index.php\/wp-json\/wp\/v2\/pages\/214\/revisions\/218"}],"wp:attachment":[{"href":"https:\/\/www.guebwiller2026.fr\/index.php\/wp-json\/wp\/v2\/media?parent=214"}],"curies":[{"name":"wp","href":"https:\/\/api.w.org\/{rel}","templated":true}]}}