{"id":182,"date":"2026-02-23T16:32:20","date_gmt":"2026-02-23T16:32:20","guid":{"rendered":"https:\/\/www.guebwiller2026.fr\/?page_id=182"},"modified":"2026-02-23T17:59:25","modified_gmt":"2026-02-23T17:59:25","slug":"pour-le-sport","status":"publish","type":"page","link":"https:\/\/www.guebwiller2026.fr\/index.php\/pour-le-sport\/","title":{"rendered":"Pour le Sport"},"content":{"rendered":"\n<p>Les associations sportives de Guebwiller n\u00e9cessitent d\u2019avoir des aides pour leur fonctionnement et des lieux pour leurs entra\u00eenements et comp\u00e9titions.<\/p>\n\n\n\n<p>Ces lieux sont fournis par la communaut\u00e9 de communes ainsi que par la commune de Guebwiller. Il s\u2019agit dans le 1er cas de Nautilia, du centre sportif du Florival et de ses 4 salles (grande salle, salle d\u2019arme, dojo, salle sp\u00e9cialis\u00e9e de gymnastique), du gymnase Deck. Il s\u2019agit dans le 2\u00e8me cas des stades Heissenstein et Throo et de ses diff\u00e9rents terrains, de la SG 1860, et de quelques autres salles sp\u00e9cialis\u00e9es ou lou\u00e9es (gymnases du lyc\u00e9e Kastler\u2026). La commune r\u00e9partit annuellement des subventions de fonctionnement.<\/p>\n\n\n\n<p><br><strong>Nos propositions :<\/strong><br>1. Cr\u00e9er un <strong>comit\u00e9 des associations<\/strong> afin de travailler en transparence et avec l\u2019ensemble des pr\u00e9sident-es ou leurs repr\u00e9sentants ! L\u2019articulation des comp\u00e9titions et rencontres s\u2019y fera. La r\u00e9flexion sur l\u2019offre sportive pour tou<\/p>\n\n\n\n<p>2. Un <strong>p\u00f4le sportif au stade Throo <\/strong>:<br>&#8211; cr\u00e9er un <strong>terrain synth\u00e9tique<\/strong> afin de permettre aux scolaires et aux associations une pratique tout au long de l\u2019ann\u00e9e.<br>&#8211; construire une<strong> salle de sport<\/strong> pour compl\u00e9ter l\u2019offre sur Guebwiller, soulager le Centre Sportif du Florival, en concertation avec la CCRG .<br>&#8211; une <strong>s\u00e9curisation <\/strong>plus grande et le retour d\u2019un-e concierge.<br>&#8211; un secteur d\u00e9di\u00e9 aux<strong> sports de rue<\/strong> afin de permettre une pratique libre.<\/p>\n\n\n\n<p>3. Le <strong>savoir nager<\/strong> :<br>C\u2019est un incontournable. Chaque \u00e9colier doit \u00eatre d\u00e9tenteur d\u2019une attestation de savoir nager. Pour \u00e7a il faudra :<br>&#8211; <strong>doubler <\/strong>le nombre de s\u00e9ances scolaires<br>&#8211; assurer l\u2019accompagnement par des<strong> personnes form\u00e9es<\/strong><br>&#8211; organiser des stages de \u00ab savoir nager \u00bb en concertation avec le centre nautique pendant les petites vacances scolaires<\/p>\n\n\n\n<p>POUR EN SAVOIR DAVANTAGE : venez nombreux \u00e0 la\u00a0<strong>R\u00c9UNION PUBLIQUE\u00a0\u00e0 LA CAVE DIMI\u00c8RE<\/strong>,\u00a0<strong>JEUDI 05 MARS \u00e0 19h<\/strong><\/p>\n\n\n\n<figure class=\"wp-block-image size-large is-resized\"><img loading=\"lazy\" decoding=\"async\" width=\"1024\" height=\"768\" src=\"https:\/\/www.guebwiller2026.fr\/wp-content\/uploads\/2026\/02\/piste-athle-2-1024x768.jpg\" alt=\"\" class=\"wp-image-211\" style=\"width:516px;height:auto\" srcset=\"https:\/\/www.guebwiller2026.fr\/wp-content\/uploads\/2026\/02\/piste-athle-2-1024x768.jpg 1024w, https:\/\/www.guebwiller2026.fr\/wp-content\/uploads\/2026\/02\/piste-athle-2-300x225.jpg 300w, https:\/\/www.guebwiller2026.fr\/wp-content\/uploads\/2026\/02\/piste-athle-2-768x576.jpg 768w, https:\/\/www.guebwiller2026.fr\/wp-content\/uploads\/2026\/02\/piste-athle-2-1536x1152.jpg 1536w, https:\/\/www.guebwiller2026.fr\/wp-content\/uploads\/2026\/02\/piste-athle-2-2048x1536.jpg 2048w\" sizes=\"auto, (max-width: 1024px) 100vw, 1024px\" \/><\/figure>\n\n\n\n<figure class=\"wp-block-image size-large is-resized\"><img loading=\"lazy\" decoding=\"async\" width=\"1024\" height=\"575\" src=\"https:\/\/www.guebwiller2026.fr\/wp-content\/uploads\/2026\/02\/Nautilia-1-1024x575.jpg\" alt=\"\" class=\"wp-image-212\" style=\"aspect-ratio:1.7808895471477941;width:517px;height:auto\" srcset=\"https:\/\/www.guebwiller2026.fr\/wp-content\/uploads\/2026\/02\/Nautilia-1-1024x575.jpg 1024w, https:\/\/www.guebwiller2026.fr\/wp-content\/uploads\/2026\/02\/Nautilia-1-300x169.jpg 300w, https:\/\/www.guebwiller2026.fr\/wp-content\/uploads\/2026\/02\/Nautilia-1-768x432.jpg 768w, https:\/\/www.guebwiller2026.fr\/wp-content\/uploads\/2026\/02\/Nautilia-1-1536x863.jpg 1536w, https:\/\/www.guebwiller2026.fr\/wp-content\/uploads\/2026\/02\/Nautilia-1-2048x1151.jpg 2048w\" sizes=\"auto, (max-width: 1024px) 100vw, 1024px\" \/><\/figure>\n","protected":false},"excerpt":{"rendered":"<p>Les associations sportives de Guebwiller n\u00e9cessitent d\u2019avoir des aides pour leur fonctionnement et des lieux pour leurs entra\u00eenements et comp\u00e9titions. Ces lieux sont fournis par la communaut\u00e9 de communes ainsi que par la commune de Guebwiller. Il s\u2019agit dans le 1er cas de Nautilia, du centre sportif du Florival et de ses 4 salles (grande [&hellip;]<\/p>\n","protected":false},"author":1,"featured_media":0,"parent":0,"menu_order":9,"comment_status":"closed","ping_status":"closed","template":"","meta":{"footnotes":""},"class_list":["post-182","page","type-page","status-publish","hentry"],"_links":{"self":[{"href":"https:\/\/www.guebwiller2026.fr\/index.php\/wp-json\/wp\/v2\/pages\/182","targetHints":{"allow":["GET"]}}],"collection":[{"href":"https:\/\/www.guebwiller2026.fr\/index.php\/wp-json\/wp\/v2\/pages"}],"about":[{"href":"https:\/\/www.guebwiller2026.fr\/index.php\/wp-json\/wp\/v2\/types\/page"}],"author":[{"embeddable":true,"href":"https:\/\/www.guebwiller2026.fr\/index.php\/wp-json\/wp\/v2\/users\/1"}],"replies":[{"embeddable":true,"href":"https:\/\/www.guebwiller2026.fr\/index.php\/wp-json\/wp\/v2\/comments?post=182"}],"version-history":[{"count":4,"href":"https:\/\/www.guebwiller2026.fr\/index.php\/wp-json\/wp\/v2\/pages\/182\/revisions"}],"predecessor-version":[{"id":213,"href":"https:\/\/www.guebwiller2026.fr\/index.php\/wp-json\/wp\/v2\/pages\/182\/revisions\/213"}],"wp:attachment":[{"href":"https:\/\/www.guebwiller2026.fr\/index.php\/wp-json\/wp\/v2\/media?parent=182"}],"curies":[{"name":"wp","href":"https:\/\/api.w.org\/{rel}","templated":true}]}}