{"id":169,"date":"2026-02-18T23:31:27","date_gmt":"2026-02-18T23:31:27","guid":{"rendered":"https:\/\/www.guebwiller2026.fr\/?page_id=169"},"modified":"2026-02-23T16:31:35","modified_gmt":"2026-02-23T16:31:35","slug":"lechec-caleo","status":"publish","type":"page","link":"https:\/\/www.guebwiller2026.fr\/index.php\/lechec-caleo\/","title":{"rendered":"L&#8217;\u00e9chec CALEO"},"content":{"rendered":"\n<p><strong>CALEO \u2013 UN \u00c9CHEC RETENTISSANT ET INATTENDU<\/strong><\/p>\n\n\n\n<p><br>Comme vous avez certainement pu le lire ou l\u2019entendre, CALEO a perdu le march\u00e9 de l\u2019eau de la Communaut\u00e9 de communes de la R\u00e9gion de Guebwiller (CCRG).<br>\u00c0 compter de 2027, l\u2019eau qui s\u2019\u00e9coulera des robinets de plusieurs communes du territoire, dont Guebwiller, ne sera plus distribu\u00e9e par CALEO.<\/p>\n\n\n\n<p><strong>Comment en sommes-nous arriv\u00e9s l\u00e0 ?<\/strong><\/p>\n\n\n\n<p><br><strong>Introduction<br><\/strong>&#8211; En 2020, les \u00e9lus savaient que la D\u00e9l\u00e9gation de Service Public (DSP) concernant le march\u00e9 de l\u2019eau arriverait \u00e0 \u00e9ch\u00e9ance \u00e0 la fin de l\u2019ann\u00e9e 2026.<br>&#8211; En 2020 encore, a \u00e9t\u00e9 constitu\u00e9e l\u00e9galement la Commission de D\u00e9l\u00e9gation de Service Public (CDSP) de la CCRG. Les membres de cette commission examinent, sur des crit\u00e8res l\u00e9gaux, les dossiers d\u00e9pos\u00e9s par les entreprises.<br>&#8211; En 2020 toujours, deux membres du Conseil d\u2019Administration (CA), puis du Conseil de Surveillance (CS) de CALEO ont \u00e9t\u00e9 d\u00e9sign\u00e9s par les \u00e9lus majoritaires de Guebwiller (F. Kleitz) pour si\u00e9ger dans cette commission \u00e0 la CCRG.<br>&#8211; En 2025, la CDSP s\u2019est r\u00e9unie en janvier et en avril pour valider puis analyser les quatre offres re\u00e7ues.<br>Comme le pr\u00e9cise le r\u00e8glement, seules trois offres peuvent \u00eatre retenues.<br>Le 5 juin, la CDSP a examin\u00e9 les offres initiales pour s\u00e9lectionner les trois candidats admis aux n\u00e9gociations.<br>C\u2019est \u00e0 l\u2019unanimit\u00e9 que les membres de la commission ont d\u00e9cid\u00e9 de ne pas retenir l\u2019offre de CALEO, consid\u00e9r\u00e9e comme \u00e9tant la moins bonne.<\/p>\n\n\n\n<p class=\"has-text-align-left\"><br><strong>MANQUE D\u2019ANTICIPATION<br><\/strong>Soit F. Kleitz, maire de Guebwiller et pr\u00e9sident du CA puis du CS de CALEO, ne connaissait pas cette \u00e9ch\u00e9ance, soit il ne ma\u00eetrise pas les r\u00e8gles de base qui ne permettent pas \u00e0 la m\u00eame personne de si\u00e9ger simultan\u00e9ment (ou dans une p\u00e9riode proche) dans ces deux instances pour l\u2019attribution de ce march\u00e9.<br>Dans les deux cas, il s\u2019agit soit d\u2019amateurisme, soit d\u2019un manque de comp\u00e9tence.<\/p>\n\n\n\n<p class=\"has-text-align-left\"><strong>AUCUN \u00c9LU DE GUEBWILLER N\u2019A DONC SI\u00c9G\u00c9 DANS LA CDSP<\/strong><\/p>\n\n\n\n<p class=\"has-text-align-left\"><strong><br>Le dossier d\u00e9pos\u00e9 par CALEO<br><\/strong>Apr\u00e8s l\u2019\u00e9chec de la DSP de Soultzmatt, de nombreux \u00e9lus ont invit\u00e9 F. Kleitz, en sa qualit\u00e9 de pr\u00e9sident du CS de CALEO, \u00e0 s\u2019attacher les services d\u2019un cabinet sp\u00e9cialis\u00e9 pour r\u00e9pondre \u00e0 la DSP qui nous concerne aujourd\u2019hui.<br>Consid\u00e9rant les \u00e9l\u00e9ments qui constituaient le dossier, il est permis d\u2019\u00e9mettre les plus grands doutes quant \u00e0 la prise en compte de ces recommandations.<\/p>\n\n\n\n<p>L\u00e0 encore, nous ne pouvons que regretter le manque de s\u00e9rieux que F. Kleitz a port\u00e9 \u00e0 ce dossier.<\/p>\n\n\n\n<p><br><strong>LE VOTE<br><\/strong>Le 4 d\u00e9cembre 2025, le march\u00e9 a \u00e9t\u00e9 attribu\u00e9 \u00e0 la SAUR.<br>Seuls six \u00e9lus (sur neuf) de la majorit\u00e9 guebwilleroise ont particip\u00e9 au d\u00e9bat et au vote. Deux d\u2019entre eux se sont abstenus.<br>55 % des \u00e9lus de la majorit\u00e9 de F. Kleitz n\u2019ont pas vot\u00e9 contre.<\/p>\n\n\n\n<p><br><strong>EN CONCLUSION<br><\/strong>CALEO (anciennement Service Gaz et Eau de la ville de Guebwiller) g\u00e8re depuis plus de 100 ans l\u2019activit\u00e9 de production et de distribution d\u2019eau potable.<br>La distribution d\u2019eau par l\u2019entreprise aura donc r\u00e9sist\u00e9 \u00e0 deux guerres et au passage de nombreux maires, puis a coul\u00e9 sous la pr\u00e9sidence de F. Kleitz.<br>L\u2019histoire retiendra que, malgr\u00e9 son exp\u00e9rience professionnelle, qu\u2019il aime tant \u00e0 rappeler, il aura \u00e9t\u00e9 celui qui a ferm\u00e9 les robinets de CALEO.<br>Non, CALEO n\u2019a pas \u00e9t\u00e9 victime d\u2019une d\u00e9cision politique, mais bien d\u2019un d\u00e9faut de gouvernance.<br>C\u2019est \u00e0 F. Kleitz de rendre des comptes aux salari\u00e9s et aux Guebwillerois.<\/p>\n","protected":false},"excerpt":{"rendered":"<p>CALEO \u2013 UN \u00c9CHEC RETENTISSANT ET INATTENDU Comme vous avez certainement pu le lire ou l\u2019entendre, CALEO a perdu le march\u00e9 de l\u2019eau de la Communaut\u00e9 de communes de la R\u00e9gion de Guebwiller (CCRG).\u00c0 compter de 2027, l\u2019eau qui s\u2019\u00e9coulera des robinets de plusieurs communes du territoire, dont Guebwiller, ne sera plus distribu\u00e9e par CALEO. [&hellip;]<\/p>\n","protected":false},"author":1,"featured_media":0,"parent":0,"menu_order":11,"comment_status":"closed","ping_status":"closed","template":"","meta":{"footnotes":""},"class_list":["post-169","page","type-page","status-publish","hentry"],"_links":{"self":[{"href":"https:\/\/www.guebwiller2026.fr\/index.php\/wp-json\/wp\/v2\/pages\/169","targetHints":{"allow":["GET"]}}],"collection":[{"href":"https:\/\/www.guebwiller2026.fr\/index.php\/wp-json\/wp\/v2\/pages"}],"about":[{"href":"https:\/\/www.guebwiller2026.fr\/index.php\/wp-json\/wp\/v2\/types\/page"}],"author":[{"embeddable":true,"href":"https:\/\/www.guebwiller2026.fr\/index.php\/wp-json\/wp\/v2\/users\/1"}],"replies":[{"embeddable":true,"href":"https:\/\/www.guebwiller2026.fr\/index.php\/wp-json\/wp\/v2\/comments?post=169"}],"version-history":[{"count":1,"href":"https:\/\/www.guebwiller2026.fr\/index.php\/wp-json\/wp\/v2\/pages\/169\/revisions"}],"predecessor-version":[{"id":170,"href":"https:\/\/www.guebwiller2026.fr\/index.php\/wp-json\/wp\/v2\/pages\/169\/revisions\/170"}],"wp:attachment":[{"href":"https:\/\/www.guebwiller2026.fr\/index.php\/wp-json\/wp\/v2\/media?parent=169"}],"curies":[{"name":"wp","href":"https:\/\/api.w.org\/{rel}","templated":true}]}}