{"id":143,"date":"2026-02-08T18:23:04","date_gmt":"2026-02-08T18:23:04","guid":{"rendered":"https:\/\/www.guebwiller2026.fr\/?page_id=143"},"modified":"2026-02-23T17:50:39","modified_gmt":"2026-02-23T17:50:39","slug":"pour-la-culture","status":"publish","type":"page","link":"https:\/\/www.guebwiller2026.fr\/index.php\/pour-la-culture\/","title":{"rendered":"Pour la Culture"},"content":{"rendered":"\n<p><strong>Pour un v\u00e9ritable projet culturel de territoire<\/strong><\/p>\n\n\n\n<p>&gt;&nbsp;Une id\u00e9e phare de notre campagne<\/p>\n\n\n\n<p><strong>Salle culturelle ou centre culturel ?<\/strong><\/p>\n\n\n\n<p>Une salle culturelle accueille des \u00e9v\u00e9nements ponctuels et loue des espaces. C\u2019est un \u00e9quipement municipal classique, souvent pens\u00e9 dans une logique de service ou de rentabilit\u00e9.<\/p>\n\n\n\n<p>Perrine Wiesser et son \u00e9quipe portent une vision plus ambitieuse pour Guebwiller\u202f: cr\u00e9er <strong>un\u00a0v\u00e9ritable centre culturel<\/strong>, incluant une salle mais aussi d\u2019autres services compl\u00e9mentaires.\u00a0En effet, un centre culturel con\u00e7oit une programmation annuelle, accompagne les artistes, soutient les associations, valorise la participation des habitants et encourage l\u2019\u00e9veil artistique des jeunes.<\/p>\n\n\n\n<p><strong>Notre projet : un centre exigeant, ouvert et participatif<\/strong><\/p>\n\n\n\n<p>Nous cr\u00e9erons un lieu accessible \u00e0 tous, o\u00f9 se croisent familles, jeunes, associations et partenaires culturels. Un espace de rencontres, d\u2019expression et de cr\u00e9ation, attentif \u00e0 la qualit\u00e9 de l\u2019accueil, \u00e0 la rigueur de gestion et \u00e0 la valorisation du patrimoine local.<\/p>\n\n\n\n<p>Guebwiller dispose d\u00e9j\u00e0 d\u2019acteurs culturels solides : les Dominicains, le Pays d\u2019art et d\u2019histoire, de nombreuses associations\u2026 Ce nouvel \u00e9quipement renforcera cette offre, en tissant des partenariats r\u00e9gionaux compl\u00e9mentaires dans des domaines vari\u00e9s (musiques actuelles, danse, cirque, op\u00e9ra, arts urbains, langue r\u00e9gionale&#8230;). Ensemble, construisons une culture v\u00e9cue, partag\u00e9e et interg\u00e9n\u00e9rationnelle.<\/p>\n\n\n\n<p><strong>Un financement transparent et responsable<\/strong><\/p>\n\n\n\n<p>Le centre s\u2019appuiera sur des financements publics, majoritairement r\u00e9gionaux et nationaux, ainsi que sur des partenariats priv\u00e9s. Les budgets pour la cr\u00e9ation locale seront attribu\u00e9s de fa\u00e7on transparente, par appels \u00e0 projets accompagn\u00e9s par la commune.<\/p>\n\n\n\n<p>Pour piloter ce projet, notre \u00e9quipe r\u00e9unit des professionnels de la culture, des responsables associatifs et des artistes : des femmes et des hommes ancr\u00e9s dans le r\u00e9el, capables d\u2019allier cr\u00e9ativit\u00e9, ma\u00eetrise budg\u00e9taire et ouverture d\u2019esprit.<\/p>\n\n\n\n<p><strong>Une culture vivante, pour tous les publics<\/strong><\/p>\n\n\n\n<p>Ce centre accueillera spectacles, projets scolaires, concerts, expositions, initiatives citoyennes, ateliers cr\u00e9atifs et num\u00e9riques. Il sera aussi un lieu d\u2019apprentissages, de pr\u00e9vention et de solidarit\u00e9, au croisement de la culture, de l\u2019\u00e9ducation et de la sant\u00e9. Il sera construit avec et pour les habitants, dans un esprit d\u2019inclusion, d\u2019\u00e9cologie et de transmission.<\/p>\n\n\n\n<p>Faisons ensemble de ce centre culturel un lieu de vie, de partage et d\u2019avenir commun : une fiert\u00e9 pour toute la ville.<\/p>\n\n\n\n<p><strong>&gt; Et demain, u<\/strong><strong>n patrimoine fort, une ambition culturelle \u00e0 rayonnement large<\/strong><\/p>\n\n\n\n<p>Guebwiller poss\u00e8de un patrimoine culturel exceptionnel et une histoire riche, entre musique, nature, architecture, industrie textile, \u0153nologie et c\u00e9ramique. Avec tous ces ingr\u00e9dients, et en mobilisant des relais \u00e0 l\u2019\u00e9chelle r\u00e9gionale, nous avons les moyens de cr\u00e9er des actions culturelles fortes, dont un festival \u00e0 vis\u00e9e d\u00e9partementale, voire r\u00e9gionale et transfrontali\u00e8re. La culture peut rassembler, cr\u00e9er de l\u2019attractivit\u00e9 \u00e9conomique, g\u00e9n\u00e9rer des retomb\u00e9es pour les commer\u00e7ants et offrir une visibilit\u00e9 touristique aujourd\u2019hui sous-exploit\u00e9e, faute de coh\u00e9rence, d\u2019union et de vision. En portant ce projet, nous faisons de la culture un levier de lien social et de dynamisme pour Guebwiller.<\/p>\n\n\n\n<p>> Parmi nos id\u00e9es phares, nous mettons celle-ci \u00e0 l&#8217;honneur car elle r\u00e9pond \u00e0 vos attentes quotidiennes et fait notre diff\u00e9rence pour Guebwiller.<\/p>\n\n\n\n<p>POUR EN SAVOIR DAVANTAGE : venez nombreux \u00e0 la\u00a0<strong>R\u00c9UNION PUBLIQUE\u00a0\u00e0 LA CAVE DIMI\u00c8RE<\/strong>,\u00a0<strong>JEUDI 05 MARS \u00e0 19h<\/strong><\/p>\n\n\n\n<figure class=\"wp-block-image size-large is-resized\"><img loading=\"lazy\" decoding=\"async\" width=\"1024\" height=\"573\" src=\"https:\/\/www.guebwiller2026.fr\/wp-content\/uploads\/2026\/02\/Je-souhaite-une-image-de-salle-de-spectacle-moderne-1024x573.jpg\" alt=\"\" class=\"wp-image-201\" style=\"aspect-ratio:1.787145881187227;width:564px;height:auto\" srcset=\"https:\/\/www.guebwiller2026.fr\/wp-content\/uploads\/2026\/02\/Je-souhaite-une-image-de-salle-de-spectacle-moderne-1024x573.jpg 1024w, https:\/\/www.guebwiller2026.fr\/wp-content\/uploads\/2026\/02\/Je-souhaite-une-image-de-salle-de-spectacle-moderne-300x168.jpg 300w, https:\/\/www.guebwiller2026.fr\/wp-content\/uploads\/2026\/02\/Je-souhaite-une-image-de-salle-de-spectacle-moderne-768x430.jpg 768w, https:\/\/www.guebwiller2026.fr\/wp-content\/uploads\/2026\/02\/Je-souhaite-une-image-de-salle-de-spectacle-moderne-1536x860.jpg 1536w, https:\/\/www.guebwiller2026.fr\/wp-content\/uploads\/2026\/02\/Je-souhaite-une-image-de-salle-de-spectacle-moderne-2048x1147.jpg 2048w\" sizes=\"auto, (max-width: 1024px) 100vw, 1024px\" \/><\/figure>\n","protected":false},"excerpt":{"rendered":"<p>Pour un v\u00e9ritable projet culturel de territoire &gt;&nbsp;Une id\u00e9e phare de notre campagne Salle culturelle ou centre culturel ? Une salle culturelle accueille des \u00e9v\u00e9nements ponctuels et loue des espaces. C\u2019est un \u00e9quipement municipal classique, souvent pens\u00e9 dans une logique de service ou de rentabilit\u00e9. Perrine Wiesser et son \u00e9quipe portent une vision plus ambitieuse [&hellip;]<\/p>\n","protected":false},"author":1,"featured_media":0,"parent":0,"menu_order":8,"comment_status":"closed","ping_status":"closed","template":"","meta":{"footnotes":""},"class_list":["post-143","page","type-page","status-publish","hentry"],"_links":{"self":[{"href":"https:\/\/www.guebwiller2026.fr\/index.php\/wp-json\/wp\/v2\/pages\/143","targetHints":{"allow":["GET"]}}],"collection":[{"href":"https:\/\/www.guebwiller2026.fr\/index.php\/wp-json\/wp\/v2\/pages"}],"about":[{"href":"https:\/\/www.guebwiller2026.fr\/index.php\/wp-json\/wp\/v2\/types\/page"}],"author":[{"embeddable":true,"href":"https:\/\/www.guebwiller2026.fr\/index.php\/wp-json\/wp\/v2\/users\/1"}],"replies":[{"embeddable":true,"href":"https:\/\/www.guebwiller2026.fr\/index.php\/wp-json\/wp\/v2\/comments?post=143"}],"version-history":[{"count":6,"href":"https:\/\/www.guebwiller2026.fr\/index.php\/wp-json\/wp\/v2\/pages\/143\/revisions"}],"predecessor-version":[{"id":204,"href":"https:\/\/www.guebwiller2026.fr\/index.php\/wp-json\/wp\/v2\/pages\/143\/revisions\/204"}],"wp:attachment":[{"href":"https:\/\/www.guebwiller2026.fr\/index.php\/wp-json\/wp\/v2\/media?parent=143"}],"curies":[{"name":"wp","href":"https:\/\/api.w.org\/{rel}","templated":true}]}}