{"id":141,"date":"2026-02-08T18:22:10","date_gmt":"2026-02-08T18:22:10","guid":{"rendered":"https:\/\/www.guebwiller2026.fr\/?page_id=141"},"modified":"2026-02-23T17:51:59","modified_gmt":"2026-02-23T17:51:59","slug":"pour-la-sante","status":"publish","type":"page","link":"https:\/\/www.guebwiller2026.fr\/index.php\/pour-la-sante\/","title":{"rendered":"Pour la Sant\u00e9"},"content":{"rendered":"\n<p><strong>Pour une offre de sant\u00e9 coh\u00e9rente et innovante<\/strong><\/p>\n\n\n\n<p>&gt;&nbsp;Une id\u00e9e phare de notre campagne<\/p>\n\n\n\n<p>Perrine Wiesser et son \u00e9quipe ont fait de la sant\u00e9 une priorit\u00e9, en mobilisant l\u2019association nationale &#8220;Union Sant\u00e9 Pr\u00e9vention&#8221; pour construire un projet \u00e0 la hauteur des besoins de Guebwiller.\u00a0<\/p>\n\n\n\n<p><strong>Un territoire qui manque de m\u00e9decins&nbsp;<\/strong><\/p>\n\n\n\n<p>Guebwiller et sa communaut\u00e9 de communes font face \u00e0 une vraie p\u00e9nurie m\u00e9dicale : tr\u00e8s peu de sp\u00e9cialistes, des d\u00e9lais de rendez-vous trop longs, des habitants oblig\u00e9s de faire des dizaines de kilom\u00e8tres pour se soigner. L\u2019Alsace est l\u2019une des r\u00e9gions de France o\u00f9 l\u2019esp\u00e9rance de vie est la plus faible, ce qui renforce l\u2019urgence d\u2019agir.&nbsp;<\/p>\n\n\n\n<p><strong>Un Centre de Sant\u00e9 municipal, sans d\u00e9passement&nbsp;<\/strong><\/p>\n\n\n\n<p>Le projet port\u00e9 par \u00ab&nbsp;Guebwiller avec \u00c9nergie&nbsp;\u00bb en partenariat avec l\u2019Union Sant\u00e9 Pr\u00e9vention : cr\u00e9er \u00e0 Guebwiller un Centre de Sant\u00e9 municipal, \u00e0 but non lucratif, o\u00f9 les soignants sont salari\u00e9s. Pas de d\u00e9passements d\u2019honoraires, tiers-payant g\u00e9n\u00e9ralis\u00e9 : chacun peut consulter un m\u00e9decin sans obstacle financier. Ce mod\u00e8le est tr\u00e8s attractif pour les jeunes m\u00e9decins, qui cherchent un exercice salari\u00e9, en \u00e9quipe, sans charge administrative.<\/p>\n\n\n\n<p><strong>Pr\u00e9vention et innovation au c\u0153ur du projet&nbsp;<\/strong><\/p>\n\n\n\n<p>Le Centre de Sant\u00e9 ne sera pas seulement un lieu de consultation, mais un v\u00e9ritable p\u00f4le de pr\u00e9vention. Chaque habitant pourra b\u00e9n\u00e9ficier de bilans de sant\u00e9 complets, r\u00e9alis\u00e9s par des infirmiers et m\u00e9decins form\u00e9s, avec une analyse fine des habitudes de vie, de l\u2019environnement et des ant\u00e9c\u00e9dents. Un outil num\u00e9rique innovant, SONAR, permettra de rep\u00e9rer tr\u00e8s t\u00f4t les risques de maladies et de proposer des parcours de soins personnalis\u00e9s, des ateliers d\u2019\u00e9ducation th\u00e9rapeutique et des interventions non m\u00e9dicamenteuses valid\u00e9es scientifiquement.&nbsp;<\/p>\n\n\n\n<p><strong>Un p\u00f4le de r\u00e9f\u00e9rence pour tout le territoire&nbsp;<\/strong><\/p>\n\n\n\n<p>Gr\u00e2ce \u00e0 des partenariats universitaires (Strasbourg, Paris, B\u00e2le, Montr\u00e9al), ce Centre de Sant\u00e9 a vocation \u00e0 devenir un p\u00f4le reconnu de recherche et d\u2019innovation en sant\u00e9. \u00c0 terme, il pourra s\u2019\u00e9largir avec une pharmacie, un laboratoire d\u2019analyses, un centre d\u2019imagerie m\u00e9dicale, pour faire de Guebwiller un v\u00e9ritable centre de r\u00e9f\u00e9rence pour tout le territoire.&nbsp;<\/p>\n\n\n\n<p><strong>Un choix politique utile \u00e0 toutes et tous&nbsp;<\/strong><\/p>\n\n\n\n<p>Ce Centre de Sant\u00e9 repose sur un mod\u00e8le \u00e9conomiquement viable, financ\u00e9 par l\u2019Assurance Maladie, des forfaits de coordination et des subventions publiques, avec une mont\u00e9e en charge sur trois ans. C\u2019est un choix de solidarit\u00e9 et d\u2019\u00e9galit\u00e9 d\u2019acc\u00e8s aux soins, qui d\u00e9passe les clivages politiques : la sant\u00e9 est un bien commun et un enjeu de s\u00e9curit\u00e9 publique. En soutenant ce projet, nous faisons le choix d\u2019une ville qui prot\u00e8ge ses habitants, \u00e0 tous les \u00e2ges de la vie.<\/p>\n\n\n\n<p>> Parmi nos id\u00e9es phares, nous mettons celle-ci \u00e0 l&#8217;honneur car elle r\u00e9pond \u00e0 vos attentes quotidiennes et fait notre diff\u00e9rence pour Guebwiller.<\/p>\n\n\n\n<p>POUR EN SAVOIR DAVANTAGE : venez nombreux \u00e0 la\u00a0<strong>R\u00c9UNION PUBLIQUE\u00a0\u00e0 LA CAVE DIMI\u00c8RE<\/strong>,\u00a0<strong>JEUDI 05 MARS \u00e0 19h<\/strong><\/p>\n\n\n\n<figure class=\"wp-block-image size-large is-resized\"><img loading=\"lazy\" decoding=\"async\" width=\"768\" height=\"1024\" src=\"https:\/\/www.guebwiller2026.fr\/wp-content\/uploads\/2026\/02\/image-24-768x1024.png\" alt=\"\" class=\"wp-image-197\" style=\"aspect-ratio:0.7500094507239254;width:506px;height:auto\" srcset=\"https:\/\/www.guebwiller2026.fr\/wp-content\/uploads\/2026\/02\/image-24-768x1024.png 768w, https:\/\/www.guebwiller2026.fr\/wp-content\/uploads\/2026\/02\/image-24-225x300.png 225w, https:\/\/www.guebwiller2026.fr\/wp-content\/uploads\/2026\/02\/image-24.png 1080w\" sizes=\"auto, (max-width: 768px) 100vw, 768px\" \/><\/figure>\n","protected":false},"excerpt":{"rendered":"<p>Pour une offre de sant\u00e9 coh\u00e9rente et innovante &gt;&nbsp;Une id\u00e9e phare de notre campagne Perrine Wiesser et son \u00e9quipe ont fait de la sant\u00e9 une priorit\u00e9, en mobilisant l\u2019association nationale &#8220;Union Sant\u00e9 Pr\u00e9vention&#8221; pour construire un projet \u00e0 la hauteur des besoins de Guebwiller.\u00a0 Un territoire qui manque de m\u00e9decins&nbsp; Guebwiller et sa communaut\u00e9 de [&hellip;]<\/p>\n","protected":false},"author":1,"featured_media":0,"parent":0,"menu_order":5,"comment_status":"closed","ping_status":"closed","template":"","meta":{"footnotes":""},"class_list":["post-141","page","type-page","status-publish","hentry"],"_links":{"self":[{"href":"https:\/\/www.guebwiller2026.fr\/index.php\/wp-json\/wp\/v2\/pages\/141","targetHints":{"allow":["GET"]}}],"collection":[{"href":"https:\/\/www.guebwiller2026.fr\/index.php\/wp-json\/wp\/v2\/pages"}],"about":[{"href":"https:\/\/www.guebwiller2026.fr\/index.php\/wp-json\/wp\/v2\/types\/page"}],"author":[{"embeddable":true,"href":"https:\/\/www.guebwiller2026.fr\/index.php\/wp-json\/wp\/v2\/users\/1"}],"replies":[{"embeddable":true,"href":"https:\/\/www.guebwiller2026.fr\/index.php\/wp-json\/wp\/v2\/comments?post=141"}],"version-history":[{"count":4,"href":"https:\/\/www.guebwiller2026.fr\/index.php\/wp-json\/wp\/v2\/pages\/141\/revisions"}],"predecessor-version":[{"id":206,"href":"https:\/\/www.guebwiller2026.fr\/index.php\/wp-json\/wp\/v2\/pages\/141\/revisions\/206"}],"wp:attachment":[{"href":"https:\/\/www.guebwiller2026.fr\/index.php\/wp-json\/wp\/v2\/media?parent=141"}],"curies":[{"name":"wp","href":"https:\/\/api.w.org\/{rel}","templated":true}]}}