{"id":139,"date":"2026-02-08T18:22:33","date_gmt":"2026-02-08T18:22:33","guid":{"rendered":"https:\/\/www.guebwiller2026.fr\/?page_id=139"},"modified":"2026-02-23T17:51:44","modified_gmt":"2026-02-23T17:51:44","slug":"pour-la-mobilite","status":"publish","type":"page","link":"https:\/\/www.guebwiller2026.fr\/index.php\/pour-la-mobilite\/","title":{"rendered":"Pour la Mobilit\u00e9"},"content":{"rendered":"\n<p><strong>Pour une mobilit\u00e9 durable \u00e0 Guebwiller et dans la vall\u00e9e<\/strong><\/p>\n\n\n\n<p>&gt;&nbsp;Une id\u00e9e phare de notre campagne<\/p>\n\n\n\n<p>\u201cGuebwiller avec \u00c9nergie\u201d\u00a0propose <strong>deux navettes urbaines<\/strong> pour relier facilement centre-ville, quartiers, commerces et services.<\/p>\n\n\n\n<p>Pratique pour les s\u00e9niors et les familles, cette solution r\u00e9duit l&#8217;usage de la voiture au quotidien.<\/p>\n\n\n\n<p><strong>Notre choix : Lohr (une entreprise alsacienne)<\/strong><\/p>\n\n\n\n<p>Nous souhaitons d\u00e9ployer le minibus \u00e9lectrique Cristal de Lohr, adapt\u00e9 aux petites rues et 100\u202f% \u00e9cologique.<br>\u279c\u00a0Vid\u00e9o d\u00e9mo :<\/p>\n\n\n\n<figure class=\"wp-block-embed is-type-video is-provider-youtube wp-block-embed-youtube wp-embed-aspect-16-9 wp-has-aspect-ratio\"><div class=\"wp-block-embed__wrapper\">\n<iframe loading=\"lazy\" title=\"CRISTAL MODULARITY [EN]\" width=\"500\" height=\"281\" src=\"https:\/\/www.youtube.com\/embed\/WmRVykkymaY?feature=oembed\" frameborder=\"0\" allow=\"accelerometer; autoplay; clipboard-write; encrypted-media; gyroscope; picture-in-picture; web-share\" referrerpolicy=\"strict-origin-when-cross-origin\" allowfullscreen><\/iframe>\n<\/div><\/figure>\n\n\n\n<p><br>\u279c\u00a0Plus d&#8217;infos sur le Cristal Lohr :<\/p>\n\n\n\n<p><a href=\"https:\/\/www.lohr.fr\/fr\/catalogue\/cristal-fr\/\">CRISTAL \u2013 Lohr<\/a><\/p>\n\n\n\n<p>Parmi nos id\u00e9es phares, nous mettons celle-ci \u00e0 l&#8217;honneur car elle r\u00e9pond \u00e0 vos attentes quotidiennes et fait notre diff\u00e9rence pour Guebwiller.<\/p>\n\n\n\n<p><strong>&gt; Et demain, le retour du train<\/strong><strong>\u202f?<\/strong><\/p>\n\n\n\n<p>Nous soutenons \u00e9galement <strong>le retour du rail dans la vall\u00e9e du Florival,<\/strong> avec le projet de train l\u00e9ger Draisy. Ce train innovant offrirait une v\u00e9ritable alternative \u00e0 la voiture pour relier\u00a0Guebwiller \u00e0 Bollwiller, et poursuivre vers Colmar, Mulhouse, Strasbourg&#8230;<\/p>\n\n\n\n<p>Le retour du train c&#8217;est\u00a0d\u00e9senclaver la vall\u00e9e\u00a0:<\/p>\n\n\n\n<ol class=\"wp-block-list\">\n<li>Pour <strong>les \u00e9tudes<\/strong>, en permettant aux jeunes du d\u00e9partement de suivre des formations dans les 3 lyc\u00e9es de Guebwiller et aux jeunes du Florival de poursuivre des \u00e9tudes dans les campus d&#8217;Alsace.<\/li>\n\n\n\n<li>Pour <strong>l&#8217;emploi<\/strong>, en renfor\u00e7ant la mobilit\u00e9 des demandeurs d&#8217;emploi.<\/li>\n\n\n\n<li>Pour <strong>l&#8217;environnement<\/strong>, r\u00e9duire les \u00e9missions de CO2.<\/li>\n\n\n\n<li>Pour <strong>la qualit\u00e9 de vie<\/strong>, en r\u00e9duisant les embouteillages, le flux de voitures dans la ville.<\/li>\n<\/ol>\n\n\n\n<p>POUR EN SAVOIR DAVANTAGE : venez nombreux \u00e0 la\u00a0<strong>R\u00c9UNION PUBLIQUE\u00a0\u00e0 LA CAVE DIMI\u00c8RE<\/strong>,\u00a0<strong>JEUDI 05 MARS \u00e0 19h<\/strong><\/p>\n","protected":false},"excerpt":{"rendered":"<p>Pour une mobilit\u00e9 durable \u00e0 Guebwiller et dans la vall\u00e9e &gt;&nbsp;Une id\u00e9e phare de notre campagne \u201cGuebwiller avec \u00c9nergie\u201d\u00a0propose deux navettes urbaines pour relier facilement centre-ville, quartiers, commerces et services. Pratique pour les s\u00e9niors et les familles, cette solution r\u00e9duit l&#8217;usage de la voiture au quotidien. Notre choix : Lohr (une entreprise alsacienne) Nous souhaitons [&hellip;]<\/p>\n","protected":false},"author":1,"featured_media":0,"parent":0,"menu_order":6,"comment_status":"closed","ping_status":"closed","template":"","meta":{"footnotes":""},"class_list":["post-139","page","type-page","status-publish","hentry"],"_links":{"self":[{"href":"https:\/\/www.guebwiller2026.fr\/index.php\/wp-json\/wp\/v2\/pages\/139","targetHints":{"allow":["GET"]}}],"collection":[{"href":"https:\/\/www.guebwiller2026.fr\/index.php\/wp-json\/wp\/v2\/pages"}],"about":[{"href":"https:\/\/www.guebwiller2026.fr\/index.php\/wp-json\/wp\/v2\/types\/page"}],"author":[{"embeddable":true,"href":"https:\/\/www.guebwiller2026.fr\/index.php\/wp-json\/wp\/v2\/users\/1"}],"replies":[{"embeddable":true,"href":"https:\/\/www.guebwiller2026.fr\/index.php\/wp-json\/wp\/v2\/comments?post=139"}],"version-history":[{"count":5,"href":"https:\/\/www.guebwiller2026.fr\/index.php\/wp-json\/wp\/v2\/pages\/139\/revisions"}],"predecessor-version":[{"id":205,"href":"https:\/\/www.guebwiller2026.fr\/index.php\/wp-json\/wp\/v2\/pages\/139\/revisions\/205"}],"wp:attachment":[{"href":"https:\/\/www.guebwiller2026.fr\/index.php\/wp-json\/wp\/v2\/media?parent=139"}],"curies":[{"name":"wp","href":"https:\/\/api.w.org\/{rel}","templated":true}]}}