{"id":137,"date":"2026-02-08T18:22:51","date_gmt":"2026-02-08T18:22:51","guid":{"rendered":"https:\/\/www.guebwiller2026.fr\/?page_id=137"},"modified":"2026-02-23T21:50:20","modified_gmt":"2026-02-23T21:50:20","slug":"pour-nos-aines","status":"publish","type":"page","link":"https:\/\/www.guebwiller2026.fr\/index.php\/pour-nos-aines\/","title":{"rendered":"Pour nos A\u00een\u00e9s"},"content":{"rendered":"\n<p><strong>Guebwiller, ville amie des a\u00een\u00e9s : notre engagement<\/strong>\u00a0<\/p>\n\n\n\n<p>>\u00a0Une id\u00e9e phare de notre campagne<\/p>\n\n\n\n<p>\u00c0 Guebwiller, nous voulons <strong>mieux prendre en compte les besoins<\/strong> et les attentes de nos a\u00een\u00e9s,\u00a0en\u00a0les consultant et en ciblant avec des\u00a0actions prioritaires.<\/p>\n\n\n\n<p>C\u2019est pourquoi l\u2019\u00e9quipe&nbsp;\u201cGuebwiller avec \u00c9nergie\u201d&nbsp;souhaite engager la commune dans la d\u00e9marche du label \u201cAmi des A\u00een\u00e9s\u201d, coordonn\u00e9 par le R\u00e9seau Francophone des Villes Amies des A\u00een\u00e9s (RFVAA).&nbsp;<\/p>\n\n\n\n<p>Ce label valorise les actions des collectivit\u00e9s qui <strong>am\u00e9liorent la qualit\u00e9 de vie des s\u00e9niors<\/strong>,\u00a0et pour cela mettent en place une d\u00e9marche de participation citoyenne.\u00a0<\/p>\n\n\n\n<p>Pour d\u00e9couvrir la d\u00e9marche compl\u00e8te, les crit\u00e8res du label et des exemples d\u2019initiatives d\u00e9j\u00e0 mises en place dans d\u2019autres territoires, vous pouvez consulter le site officiel du RFVAA :\u00a0<em>en suivant le lien ci-dessous <\/em>:<\/p>\n\n\n\n<p><a href=\"https:\/\/www.villesamiesdesaines-rf.fr\/label-villes-amies-des-aines\/\" target=\"_blank\" rel=\"noreferrer noopener\">Label &#8220;Ami des A\u00een\u00e9s&#8221; \u2013 Valorisez vos actions avec le RFVAA<\/a>.&nbsp;<\/p>\n\n\n\n<p>> Parmi nos id\u00e9es phares, nous mettons celle-ci \u00e0 l&#8217;honneur car elle r\u00e9pond \u00e0 vos attentes quotidiennes et fait notre diff\u00e9rence pour Guebwiller.<\/p>\n\n\n\n<p>POUR EN SAVOIR DAVANTAGE : venez nombreux \u00e0 la\u00a0<strong>R\u00c9UNION PUBLIQUE\u00a0\u00e0 LA CAVE DIMI\u00c8RE<\/strong>,\u00a0<strong>JEUDI 05 MARS \u00e0 19h<\/strong><\/p>\n\n\n\n<figure class=\"wp-block-image size-large is-resized\"><img loading=\"lazy\" decoding=\"async\" width=\"768\" height=\"1024\" src=\"https:\/\/www.guebwiller2026.fr\/wp-content\/uploads\/2026\/02\/image-23-768x1024.png\" alt=\"\" class=\"wp-image-193\" style=\"aspect-ratio:0.7500094507239254;width:471px;height:auto\" srcset=\"https:\/\/www.guebwiller2026.fr\/wp-content\/uploads\/2026\/02\/image-23-768x1024.png 768w, https:\/\/www.guebwiller2026.fr\/wp-content\/uploads\/2026\/02\/image-23-225x300.png 225w, https:\/\/www.guebwiller2026.fr\/wp-content\/uploads\/2026\/02\/image-23.png 1080w\" sizes=\"auto, (max-width: 768px) 100vw, 768px\" \/><\/figure>\n","protected":false},"excerpt":{"rendered":"<p>Guebwiller, ville amie des a\u00een\u00e9s : notre engagement\u00a0 >\u00a0Une id\u00e9e phare de notre campagne \u00c0 Guebwiller, nous voulons mieux prendre en compte les besoins et les attentes de nos a\u00een\u00e9s,\u00a0en\u00a0les consultant et en ciblant avec des\u00a0actions prioritaires. C\u2019est pourquoi l\u2019\u00e9quipe&nbsp;\u201cGuebwiller avec \u00c9nergie\u201d&nbsp;souhaite engager la commune dans la d\u00e9marche du label \u201cAmi des A\u00een\u00e9s\u201d, coordonn\u00e9 par [&hellip;]<\/p>\n","protected":false},"author":1,"featured_media":0,"parent":0,"menu_order":7,"comment_status":"closed","ping_status":"closed","template":"","meta":{"footnotes":""},"class_list":["post-137","page","type-page","status-publish","hentry"],"_links":{"self":[{"href":"https:\/\/www.guebwiller2026.fr\/index.php\/wp-json\/wp\/v2\/pages\/137","targetHints":{"allow":["GET"]}}],"collection":[{"href":"https:\/\/www.guebwiller2026.fr\/index.php\/wp-json\/wp\/v2\/pages"}],"about":[{"href":"https:\/\/www.guebwiller2026.fr\/index.php\/wp-json\/wp\/v2\/types\/page"}],"author":[{"embeddable":true,"href":"https:\/\/www.guebwiller2026.fr\/index.php\/wp-json\/wp\/v2\/users\/1"}],"replies":[{"embeddable":true,"href":"https:\/\/www.guebwiller2026.fr\/index.php\/wp-json\/wp\/v2\/comments?post=137"}],"version-history":[{"count":5,"href":"https:\/\/www.guebwiller2026.fr\/index.php\/wp-json\/wp\/v2\/pages\/137\/revisions"}],"predecessor-version":[{"id":219,"href":"https:\/\/www.guebwiller2026.fr\/index.php\/wp-json\/wp\/v2\/pages\/137\/revisions\/219"}],"wp:attachment":[{"href":"https:\/\/www.guebwiller2026.fr\/index.php\/wp-json\/wp\/v2\/media?parent=137"}],"curies":[{"name":"wp","href":"https:\/\/api.w.org\/{rel}","templated":true}]}}