{"id":11,"date":"2026-01-19T17:23:21","date_gmt":"2026-01-19T17:23:21","guid":{"rendered":"http:\/\/www.guebwiller2026.fr\/?page_id=11"},"modified":"2026-02-23T21:29:46","modified_gmt":"2026-02-23T21:29:46","slug":"accueil","status":"publish","type":"page","link":"https:\/\/www.guebwiller2026.fr\/","title":{"rendered":"Accueil"},"content":{"rendered":"\n<figure class=\"wp-block-image is-style-default\"><img loading=\"lazy\" decoding=\"async\" width=\"1024\" height=\"285\" src=\"http:\/\/www.guebwiller2026.fr\/wp-content\/uploads\/2026\/01\/image-2-1024x285.png\" alt=\"\" class=\"wp-image-21\" srcset=\"https:\/\/www.guebwiller2026.fr\/wp-content\/uploads\/2026\/01\/image-2-1024x285.png 1024w, https:\/\/www.guebwiller2026.fr\/wp-content\/uploads\/2026\/01\/image-2-300x84.png 300w, https:\/\/www.guebwiller2026.fr\/wp-content\/uploads\/2026\/01\/image-2-768x214.png 768w, https:\/\/www.guebwiller2026.fr\/wp-content\/uploads\/2026\/01\/image-2-1536x428.png 1536w, https:\/\/www.guebwiller2026.fr\/wp-content\/uploads\/2026\/01\/image-2.png 1912w\" sizes=\"auto, (max-width: 1024px) 100vw, 1024px\" \/><\/figure>\n\n\n\n<p class=\"has-body-font-family has-medium-font-size\" style=\"line-height:2\"><strong>Guebwiller avec \u00c9nergie<\/strong>, c\u2019est une \u00e9quipe citoyenne engag\u00e9e qui veut redonner souffle et sens \u00e0 l\u2019action municipale. R\u00e9unis autour de Perrine Wiesser, 40 ans, conseill\u00e8re municipale, docteur en droit et sp\u00e9cialiste des enjeux environnementaux, nous voulons \u00c9couter, Rassembler, Agir pour construire, avec vous, une ville plus juste, plus apais\u00e9e et tourn\u00e9e vers l\u2019avenir.<\/p>\n\n\n\n<figure class=\"wp-block-image size-large is-style-rounded is-style-rounded--1\"><img loading=\"lazy\" decoding=\"async\" width=\"1024\" height=\"576\" src=\"http:\/\/www.guebwiller2026.fr\/wp-content\/uploads\/2026\/01\/1000062669-1-1024x576.jpg\" alt=\"\" class=\"wp-image-23\" srcset=\"https:\/\/www.guebwiller2026.fr\/wp-content\/uploads\/2026\/01\/1000062669-1-1024x576.jpg 1024w, https:\/\/www.guebwiller2026.fr\/wp-content\/uploads\/2026\/01\/1000062669-1-300x169.jpg 300w, https:\/\/www.guebwiller2026.fr\/wp-content\/uploads\/2026\/01\/1000062669-1-768x432.jpg 768w, https:\/\/www.guebwiller2026.fr\/wp-content\/uploads\/2026\/01\/1000062669-1-1536x864.jpg 1536w, https:\/\/www.guebwiller2026.fr\/wp-content\/uploads\/2026\/01\/1000062669-1-2048x1152.jpg 2048w\" sizes=\"auto, (max-width: 1024px) 100vw, 1024px\" \/><\/figure>\n\n\n\n<p class=\"has-medium-font-size\" style=\"line-height:2\">&#8220;<em>En devenant la premi\u00e8re femme maire de Guebwiller, je souhaite offrir un esprit de dialogue et d&#8217;apaisement. Cette ouverture sera au service d&#8217;un projet ambitieux et responsable. Pour mener \u00e0 bien ce projet, je me suis entour\u00e9e de femmes et d&#8217;hommes d&#8217;\u00e2ges et d&#8217;horizons divers r\u00e9unis sur la liste Guebwiller&nbsp;avec \u00c9nergie.<\/em>&#8220;, Perrine Wiesser<\/p>\n\n\n\n<p class=\"has-text-align-center\">POUR EN SAVOIR DAVANTAGE : venez nombreux \u00e0 la <strong>R\u00c9UNION PUBLIQUE\u00a0\u00e0 LA CAVE DIMI\u00c8RE<\/strong>, <strong>JEUDI 05 MARS \u00e0 19h<\/strong><\/p>\n\n\n\n<div class=\"wp-block-buttons is-content-justification-center is-layout-flex wp-container-core-buttons-is-layout-a89b3969 wp-block-buttons-is-layout-flex\">\n<div class=\"wp-block-button\"><a class=\"wp-block-button__link wp-element-button\" href=\"http:\/\/www.guebwiller2026.fr\/index.php\/nos-priorites-notre-projet\/\">Nos Priorit\u00e9s \/ Notre Projet<\/a><\/div>\n\n\n\n<div class=\"wp-block-button\"><a class=\"wp-block-button__link wp-element-button\" href=\"http:\/\/www.guebwiller2026.fr\/index.php\/notre-liste-notre-equipe\/\">Notre Liste \/ Notre \u00c9quipe<\/a><\/div>\n\n\n\n<div class=\"wp-block-button\"><a class=\"wp-block-button__link wp-element-button\" href=\"http:\/\/www.guebwiller2026.fr\/index.php\/agir-avec-nous\/\">Agir avec nous<\/a><\/div>\n<\/div>\n\n\n\n<div class=\"wp-block-buttons is-content-justification-center is-layout-flex wp-container-core-buttons-is-layout-a89b3969 wp-block-buttons-is-layout-flex\">\n<div class=\"wp-block-button\"><a class=\"wp-block-button__link wp-element-button\" href=\"http:\/\/www.guebwiller2026.fr\/index.php\/nous-contacter\/\">Nous Contacter<\/a><\/div>\n<\/div>\n\n\n\n<figure class=\"wp-block-image size-large\"><img loading=\"lazy\" decoding=\"async\" width=\"1024\" height=\"984\" src=\"http:\/\/www.guebwiller2026.fr\/wp-content\/uploads\/2026\/01\/PHOTOS-JOURNALISTE-1024x984.jpg\" alt=\"\" class=\"wp-image-26\" srcset=\"https:\/\/www.guebwiller2026.fr\/wp-content\/uploads\/2026\/01\/PHOTOS-JOURNALISTE-1024x984.jpg 1024w, https:\/\/www.guebwiller2026.fr\/wp-content\/uploads\/2026\/01\/PHOTOS-JOURNALISTE-300x288.jpg 300w, https:\/\/www.guebwiller2026.fr\/wp-content\/uploads\/2026\/01\/PHOTOS-JOURNALISTE-768x738.jpg 768w, https:\/\/www.guebwiller2026.fr\/wp-content\/uploads\/2026\/01\/PHOTOS-JOURNALISTE-1536x1477.jpg 1536w, https:\/\/www.guebwiller2026.fr\/wp-content\/uploads\/2026\/01\/PHOTOS-JOURNALISTE.jpg 1708w\" sizes=\"auto, (max-width: 1024px) 100vw, 1024px\" \/><\/figure>\n\n\n\n<p class=\"has-text-color has-link-color has-heading-font-family has-xx-large-font-size wp-elements-036c2d7c0d85f470f865c9744d034322\" style=\"color:#317514\"><strong>Agenda<\/strong><\/p>\n\n\n\n<ol class=\"wp-block-list\">\n<li><s>vendredi 23&nbsp;janvier \u00e0&nbsp;19h : soir\u00e9e de lancement de campagne au restaurant LA BOULE DE PAIN, Guebwiller. Tourn\u00e9es de l&#8217;\u00c9nergie #1<\/s>&nbsp;<\/li>\n\n\n\n<li><s>vendredi 30 janvier \u00e0 19h : soir\u00e9e ouverte \u00e0 tous au TORPEDO, Guebwiller. Tourn\u00e9es de l&#8217;\u00c9nergie #2<\/s>&nbsp;<\/li>\n\n\n\n<li><s>vendredi&nbsp;6 f\u00e9vrier \u00e0 19h : soir\u00e9e ouverte \u00e0 tous au GRIFFON, Guebwiller. Tourn\u00e9es de l\u2019\u00c9nergie #3<\/s>&nbsp;&nbsp;: <a href=\"https:\/\/www.jds.fr\/mulhouse\/manifestations\/fetes\/les-tournees-de-l-energie-3-au-bar-le-griffon-guebwiller-1356040_A\" data-type=\"link\" data-id=\"https:\/\/www.jds.fr\/mulhouse\/manifestations\/fetes\/les-tournees-de-l-energie-3-au-bar-le-griffon-guebwiller-1356040_A\">dans la presse<\/a><\/li>\n\n\n\n<li><s>vendredi&nbsp;13 f\u00e9vrier \u00e0 19h : soir\u00e9e ouverte \u00e0 tous au LIBERIOS, Guebwiller. Tourn\u00e9es de l&#8217;\u00c9nergie #4<\/s> : <a href=\"https:\/\/www.jds.fr\/mulhouse\/manifestations\/fetes\/les-tournees-de-l-energie-4-au-bar-le-liberios-guebwiller-1364708_A\" data-type=\"link\" data-id=\"https:\/\/www.jds.fr\/mulhouse\/manifestations\/fetes\/les-tournees-de-l-energie-3-au-bar-le-griffon-guebwiller-1356040_A\">dans la presse<\/a><\/li>\n\n\n\n<li><s>vendredi\u00a020 f\u00e9vrier \u00e0 19h : soir\u00e9e ouverte \u00e0 tous au SUN SET, Guebwiller. Tourn\u00e9es de l&#8217;\u00c9nergie #5<\/s> : <a href=\"https:\/\/www.jds.fr\/mulhouse\/manifestations\/fetes\/les-tournees-de-l-energie-5-au-bar-le-sun-7-guebwiller-1382208_A\" data-type=\"link\" data-id=\"https:\/\/www.jds.fr\/mulhouse\/manifestations\/fetes\/les-tournees-de-l-energie-3-au-bar-le-griffon-guebwiller-1356040_A\">dans la presse<\/a><\/li>\n\n\n\n<li><s>dimanche\u00a022 f\u00e9vrier de 16h \u00e0 18h : rencontre publique au salon de th\u00e9 ZINKO, Guebwiller. (Tourn\u00e9e de l&#8217;Energie sp\u00e9ciale &#8211; version lounge)<\/s>\u00a0<\/li>\n\n\n\n<li>vendredi 27 f\u00e9vrier de 17h \u00e0 19h : soir\u00e9e ouverte \u00e0 tous au NEZ DANS L\u2019O, Guebwiller. Tourn\u00e9es de l&#8217;\u00c9nergie #6 : <a href=\"https:\/\/www.jds.fr\/mulhouse\/manifestations\/fetes\/les-tournees-de-l-energie-6-au-bar-le-nez-dans-l-o-guebwiller-1390773_A\" data-type=\"link\" data-id=\"https:\/\/www.jds.fr\/mulhouse\/manifestations\/fetes\/les-tournees-de-l-energie-3-au-bar-le-griffon-guebwiller-1356040_A\">dans la presse<\/a><\/li>\n\n\n\n<li><strong>JEUDI 05 MARS \u00e0 19h : R\u00c9UNION PUBLIQUE\u00a0\u00e0 LA CAVE DIMI\u00c8RE<\/strong><\/li>\n<\/ol>\n\n\n\n<p class=\"has-text-align-center\"><strong>D\u00c9COUVREZ NOTRE CAMPAGNE EN IMAGES ET EN MUSIQUE<\/strong> :<\/p>\n\n\n\n<figure class=\"wp-block-embed is-type-video is-provider-youtube wp-block-embed-youtube wp-embed-aspect-9-16 wp-has-aspect-ratio\"><div class=\"wp-block-embed__wrapper\">\n<iframe loading=\"lazy\" title=\"GUEBWILLER AVEC \u00c9NERGIE, le clip sous-titr\u00e9\" width=\"422\" height=\"750\" src=\"https:\/\/www.youtube.com\/embed\/NaLQpMjXK9w?feature=oembed\" frameborder=\"0\" allow=\"accelerometer; autoplay; clipboard-write; encrypted-media; gyroscope; picture-in-picture; web-share\" referrerpolicy=\"strict-origin-when-cross-origin\" allowfullscreen><\/iframe>\n<\/div><\/figure>\n\n\n\n<figure class=\"wp-block-embed is-type-video is-provider-youtube wp-block-embed-youtube wp-embed-aspect-9-16 wp-has-aspect-ratio\"><div class=\"wp-block-embed__wrapper\">\n<iframe loading=\"lazy\" title=\"LES TOURN\u00c9ES DE L\u2019\u00c9NERGIE\" width=\"422\" height=\"750\" src=\"https:\/\/www.youtube.com\/embed\/I6ELSpc5z3Q?feature=oembed\" frameborder=\"0\" allow=\"accelerometer; autoplay; clipboard-write; encrypted-media; gyroscope; picture-in-picture; web-share\" referrerpolicy=\"strict-origin-when-cross-origin\" allowfullscreen><\/iframe>\n<\/div><\/figure>\n\n\n\n<figure class=\"wp-block-embed is-type-video is-provider-youtube wp-block-embed-youtube wp-embed-aspect-9-16 wp-has-aspect-ratio\"><div class=\"wp-block-embed__wrapper\">\n<iframe loading=\"lazy\" title=\"Rencontrons-nous !\" width=\"422\" height=\"750\" src=\"https:\/\/www.youtube.com\/embed\/-eD_BJ_Zaek?feature=oembed\" frameborder=\"0\" allow=\"accelerometer; autoplay; clipboard-write; encrypted-media; gyroscope; picture-in-picture; web-share\" referrerpolicy=\"strict-origin-when-cross-origin\" allowfullscreen><\/iframe>\n<\/div><\/figure>\n","protected":false},"excerpt":{"rendered":"<p>Guebwiller avec \u00c9nergie, c\u2019est une \u00e9quipe citoyenne engag\u00e9e qui veut redonner souffle et sens \u00e0 l\u2019action municipale. R\u00e9unis autour de Perrine Wiesser, 40 ans, conseill\u00e8re municipale, docteur en droit et sp\u00e9cialiste des enjeux environnementaux, nous voulons \u00c9couter, Rassembler, Agir pour construire, avec vous, une ville plus juste, plus apais\u00e9e et tourn\u00e9e vers l\u2019avenir. &#8220;En devenant [&hellip;]<\/p>\n","protected":false},"author":1,"featured_media":0,"parent":0,"menu_order":1,"comment_status":"closed","ping_status":"closed","template":"","meta":{"footnotes":""},"class_list":["post-11","page","type-page","status-publish","hentry"],"_links":{"self":[{"href":"https:\/\/www.guebwiller2026.fr\/index.php\/wp-json\/wp\/v2\/pages\/11","targetHints":{"allow":["GET"]}}],"collection":[{"href":"https:\/\/www.guebwiller2026.fr\/index.php\/wp-json\/wp\/v2\/pages"}],"about":[{"href":"https:\/\/www.guebwiller2026.fr\/index.php\/wp-json\/wp\/v2\/types\/page"}],"author":[{"embeddable":true,"href":"https:\/\/www.guebwiller2026.fr\/index.php\/wp-json\/wp\/v2\/users\/1"}],"replies":[{"embeddable":true,"href":"https:\/\/www.guebwiller2026.fr\/index.php\/wp-json\/wp\/v2\/comments?post=11"}],"version-history":[{"count":30,"href":"https:\/\/www.guebwiller2026.fr\/index.php\/wp-json\/wp\/v2\/pages\/11\/revisions"}],"predecessor-version":[{"id":217,"href":"https:\/\/www.guebwiller2026.fr\/index.php\/wp-json\/wp\/v2\/pages\/11\/revisions\/217"}],"wp:attachment":[{"href":"https:\/\/www.guebwiller2026.fr\/index.php\/wp-json\/wp\/v2\/media?parent=11"}],"curies":[{"name":"wp","href":"https:\/\/api.w.org\/{rel}","templated":true}]}}